{"id":1397,"date":"2016-07-24T02:43:11","date_gmt":"2016-07-24T02:43:11","guid":{"rendered":"https:\/\/www.gavias-theme.com\/wp\/inusti\/?page_id=1397"},"modified":"2022-07-21T07:39:50","modified_gmt":"2022-07-21T00:39:50","slug":"doi-tac","status":"publish","type":"page","link":"https:\/\/vietphapshal.com.vn\/en\/doi-tac\/","title":{"rendered":"Partner"},"content":{"rendered":"<div data-elementor-type=\"wp-post\" data-elementor-id=\"1397\" class=\"elementor elementor-1397\">\n\t\t\t\t\t\t<section class=\"elementor-section elementor-top-section elementor-element elementor-element-3c7b987 elementor-section-boxed elementor-section-height-default elementor-section-height-default\" data-id=\"3c7b987\" data-element_type=\"section\">\n\t\t\t\t\t\t<div class=\"elementor-container elementor-column-gap-default\">\n\t\t\t\t\t<div class=\"elementor-column elementor-col-50 elementor-top-column elementor-element elementor-element-b444087 column-style-top\" data-id=\"b444087\" data-element_type=\"column\">\n\t\t\t<div class=\"elementor-widget-wrap elementor-element-populated\">\n\t\t\t\t\t\t<section class=\"elementor-section elementor-inner-section elementor-element elementor-element-9e4bf55 elementor-section-boxed elementor-section-height-default elementor-section-height-default\" data-id=\"9e4bf55\" data-element_type=\"section\">\n\t\t\t\t\t\t<div class=\"elementor-container elementor-column-gap-default\">\n\t\t\t\t\t<div class=\"elementor-column elementor-col-50 elementor-inner-column elementor-element elementor-element-2ce7b45 top column-style-top\" data-id=\"2ce7b45\" data-element_type=\"column\">\n\t\t\t<div class=\"elementor-widget-wrap elementor-element-populated\">\n\t\t\t\t\t\t<div class=\"elementor-element elementor-element-583f9da elementor-widget elementor-widget-gva-image-content\" data-id=\"583f9da\" data-element_type=\"widget\" data-widget_type=\"gva-image-content.default\">\n\t\t\t\t<div class=\"elementor-widget-container\">\n\t\t\t<div class=\"gva-element-gva-image-content gva-element\">      \r\n     \r\n    \r\n    \r\n\r\n   \r\n  <div class=\"gsc-image-content skin-v4 triangles_styleyes\">\r\n          <div class=\"image\">\r\n                  <a href=\"https:\/\/www.wagnersystemsinc.com\/\" target=\"_blank\">\r\n          <img fetchpriority=\"high\" width=\"1280\" height=\"720\" src=\"https:\/\/vietphapshal.com.vn\/wp-content\/uploads\/2021\/08\/maxresdefault.jpg\" class=\"attachment-full size-full wp-image-13855\" alt=\"\" srcset=\"https:\/\/vietphapshal.com.vn\/wp-content\/uploads\/2021\/08\/maxresdefault.jpg 1280w, https:\/\/vietphapshal.com.vn\/wp-content\/uploads\/2021\/08\/maxresdefault-600x338.jpg 600w, https:\/\/vietphapshal.com.vn\/wp-content\/uploads\/2021\/08\/maxresdefault-300x169.jpg 300w, https:\/\/vietphapshal.com.vn\/wp-content\/uploads\/2021\/08\/maxresdefault-1024x576.jpg 1024w, https:\/\/vietphapshal.com.vn\/wp-content\/uploads\/2021\/08\/maxresdefault-768x432.jpg 768w, https:\/\/vietphapshal.com.vn\/wp-content\/uploads\/2021\/08\/maxresdefault-1200x675.jpg 1200w\" sizes=\"(max-width: 1280px) 100vw, 1280px\" \/>        <\/a>\r\n              <\/div>\r\n        <div class=\"box-content\">\r\n               <h2 class=\"title\">\r\n                    <a href=\"https:\/\/www.wagnersystemsinc.com\/\" target=\"_blank\">\r\n          WAGNERR CO        <\/a>\r\n                 <\/h2>\r\n            <div class=\"desc\">WAGNER is the world&#039;s leading manufacturer of surface finishing products. WAGNER&#039;s Industrial Solutions has US offices located in Plymouth, MN and Louisville, CO. The Minnesota facility includes a state-of-the-art engineering application center for product optimization and application testing.<\/div>\r\n              <div class=\"read-more\">\r\n                  <a href=\"https:\/\/www.wagnersystemsinc.com\/\" class=\"btn-theme btn-small\" target=\"_blank\">\r\n          <span>see more<\/span>        <\/a>\r\n                <\/div>\r\n          <\/div>  \r\n  <\/div>\r\n <\/div>\t\t<\/div>\n\t\t\t\t<\/div>\n\t\t\t\t\t<\/div>\n\t\t<\/div>\n\t\t\t\t<div class=\"elementor-column elementor-col-50 elementor-inner-column elementor-element elementor-element-077e4f6 top column-style-top\" data-id=\"077e4f6\" data-element_type=\"column\">\n\t\t\t<div class=\"elementor-widget-wrap elementor-element-populated\">\n\t\t\t\t\t\t<div class=\"elementor-element elementor-element-f07e30f elementor-widget elementor-widget-gva-image-content\" data-id=\"f07e30f\" data-element_type=\"widget\" data-widget_type=\"gva-image-content.default\">\n\t\t\t\t<div class=\"elementor-widget-container\">\n\t\t\t<div class=\"gva-element-gva-image-content gva-element\">      \r\n     \r\n    \r\n    \r\n\r\n   \r\n  <div class=\"gsc-image-content skin-v4 triangles_styleyes\">\r\n          <div class=\"image\">\r\n                  <a href=\"https:\/\/www.akzonobel.com\/\" target=\"_blank\">\r\n          <img width=\"1280\" height=\"720\" src=\"https:\/\/vietphapshal.com.vn\/wp-content\/uploads\/2021\/08\/2-6.png\" class=\"attachment-full size-full wp-image-13863\" alt=\"\" srcset=\"https:\/\/vietphapshal.com.vn\/wp-content\/uploads\/2021\/08\/2-6.png 1280w, https:\/\/vietphapshal.com.vn\/wp-content\/uploads\/2021\/08\/2-6-600x338.png 600w, https:\/\/vietphapshal.com.vn\/wp-content\/uploads\/2021\/08\/2-6-300x169.png 300w, https:\/\/vietphapshal.com.vn\/wp-content\/uploads\/2021\/08\/2-6-1024x576.png 1024w, https:\/\/vietphapshal.com.vn\/wp-content\/uploads\/2021\/08\/2-6-768x432.png 768w, https:\/\/vietphapshal.com.vn\/wp-content\/uploads\/2021\/08\/2-6-1200x675.png 1200w\" sizes=\"(max-width: 1280px) 100vw, 1280px\" \/>        <\/a>\r\n              <\/div>\r\n        <div class=\"box-content\">\r\n               <h2 class=\"title\">\r\n                    <a href=\"https:\/\/www.akzonobel.com\/\" target=\"_blank\">\r\n          AKZONOBEL        <\/a>\r\n                 <\/h2>\r\n            <div class=\"desc\">Akzo Nobel NV is a Dutch multinational company that creates paints and performance coatings for both industry and consumers worldwide. Headquartered in Amsterdam, the company has operations in more than 80 countries and employs more than 32,000 people<\/div>\r\n              <div class=\"read-more\">\r\n                  <a href=\"https:\/\/www.akzonobel.com\/\" class=\"btn-theme btn-small\" target=\"_blank\">\r\n          <span>Read More<\/span>        <\/a>\r\n                <\/div>\r\n          <\/div>  \r\n  <\/div>\r\n <\/div>\t\t<\/div>\n\t\t\t\t<\/div>\n\t\t\t\t\t<\/div>\n\t\t<\/div>\n\t\t\t\t\t<\/div>\n\t\t<\/section>\n\t\t\t\t<section class=\"elementor-section elementor-inner-section elementor-element elementor-element-e3ed345 elementor-section-boxed elementor-section-height-default elementor-section-height-default\" data-id=\"e3ed345\" data-element_type=\"section\">\n\t\t\t\t\t\t<div class=\"elementor-container elementor-column-gap-default\">\n\t\t\t\t\t<div class=\"elementor-column elementor-col-50 elementor-inner-column elementor-element elementor-element-64c9c8c top column-style-top\" data-id=\"64c9c8c\" data-element_type=\"column\">\n\t\t\t<div class=\"elementor-widget-wrap elementor-element-populated\">\n\t\t\t\t\t\t<div class=\"elementor-element elementor-element-d23727c elementor-widget elementor-widget-gva-image-content\" data-id=\"d23727c\" data-element_type=\"widget\" data-widget_type=\"gva-image-content.default\">\n\t\t\t\t<div class=\"elementor-widget-container\">\n\t\t\t<div class=\"gva-element-gva-image-content gva-element\">      \r\n     \r\n    \r\n    \r\n\r\n   \r\n  <div class=\"gsc-image-content skin-v4 triangles_styleyes\">\r\n          <div class=\"image\">\r\n                  <a href=\"https:\/\/www.jotun.com\/vn\/vi\/corporate\" target=\"_blank\">\r\n          <img width=\"1280\" height=\"720\" src=\"https:\/\/vietphapshal.com.vn\/wp-content\/uploads\/2021\/08\/3-5.png\" class=\"attachment-full size-full wp-image-13861\" alt=\"\" srcset=\"https:\/\/vietphapshal.com.vn\/wp-content\/uploads\/2021\/08\/3-5.png 1280w, https:\/\/vietphapshal.com.vn\/wp-content\/uploads\/2021\/08\/3-5-600x338.png 600w, https:\/\/vietphapshal.com.vn\/wp-content\/uploads\/2021\/08\/3-5-300x169.png 300w, https:\/\/vietphapshal.com.vn\/wp-content\/uploads\/2021\/08\/3-5-1024x576.png 1024w, https:\/\/vietphapshal.com.vn\/wp-content\/uploads\/2021\/08\/3-5-768x432.png 768w, https:\/\/vietphapshal.com.vn\/wp-content\/uploads\/2021\/08\/3-5-1200x675.png 1200w\" sizes=\"(max-width: 1280px) 100vw, 1280px\" \/>        <\/a>\r\n              <\/div>\r\n        <div class=\"box-content\">\r\n               <h2 class=\"title\">\r\n                    <a href=\"https:\/\/www.jotun.com\/vn\/vi\/corporate\" target=\"_blank\">\r\n          JOTUN CO        <\/a>\r\n                 <\/h2>\r\n            <div class=\"desc\">Jotun is one of the world&#039;s leading paint manufacturers, headquartered in Norway with a history of 90 years of operation, 69 companies and 33 production plants in 90 countries around the world. Jotun is present all over the world but all operate for a common goal with the vision of \u201cGrowing and making profits by exceeding customer expectations\u201d.<\/div>\r\n              <div class=\"read-more\">\r\n                  <a href=\"https:\/\/www.jotun.com\/vn\/vi\/corporate\" class=\"btn-theme btn-small\" target=\"_blank\">\r\n          <span>see more<\/span>        <\/a>\r\n                <\/div>\r\n          <\/div>  \r\n  <\/div>\r\n <\/div>\t\t<\/div>\n\t\t\t\t<\/div>\n\t\t\t\t\t<\/div>\n\t\t<\/div>\n\t\t\t\t<div class=\"elementor-column elementor-col-50 elementor-inner-column elementor-element elementor-element-295578f top column-style-top\" data-id=\"295578f\" data-element_type=\"column\">\n\t\t\t<div class=\"elementor-widget-wrap elementor-element-populated\">\n\t\t\t\t\t\t<div class=\"elementor-element elementor-element-b579767 elementor-widget elementor-widget-gva-image-content\" data-id=\"b579767\" data-element_type=\"widget\" data-widget_type=\"gva-image-content.default\">\n\t\t\t\t<div class=\"elementor-widget-container\">\n\t\t\t<div class=\"gva-element-gva-image-content gva-element\">      \r\n     \r\n    \r\n    \r\n\r\n   \r\n  <div class=\"gsc-image-content skin-v4 triangles_styleyes\">\r\n          <div class=\"image\">\r\n                  <a href=\"https:\/\/www.kautec.net\/en\/kautec-group\/kautec-solutions\/\" target=\"_blank\">\r\n          <img loading=\"lazy\" width=\"1280\" height=\"720\" src=\"https:\/\/vietphapshal.com.vn\/wp-content\/uploads\/2021\/08\/1-7.png\" class=\"attachment-full size-full wp-image-13862\" alt=\"\" srcset=\"https:\/\/vietphapshal.com.vn\/wp-content\/uploads\/2021\/08\/1-7.png 1280w, https:\/\/vietphapshal.com.vn\/wp-content\/uploads\/2021\/08\/1-7-600x338.png 600w, https:\/\/vietphapshal.com.vn\/wp-content\/uploads\/2021\/08\/1-7-300x169.png 300w, https:\/\/vietphapshal.com.vn\/wp-content\/uploads\/2021\/08\/1-7-1024x576.png 1024w, https:\/\/vietphapshal.com.vn\/wp-content\/uploads\/2021\/08\/1-7-768x432.png 768w, https:\/\/vietphapshal.com.vn\/wp-content\/uploads\/2021\/08\/1-7-1200x675.png 1200w\" sizes=\"(max-width: 1280px) 100vw, 1280px\" \/>        <\/a>\r\n              <\/div>\r\n        <div class=\"box-content\">\r\n               <h2 class=\"title\">\r\n                    <a href=\"https:\/\/www.kautec.net\/en\/kautec-group\/kautec-solutions\/\" target=\"_blank\">\r\n          KAUTEC        <\/a>\r\n                 <\/h2>\r\n            <div class=\"desc\">Kautec is a Spanish corporation, the world&#039;s leading brand in aluminum extrusion systems. Kautec is constantly improving in the design, development and manufacturing of new products, as well as constantly developing and searching for energy-saving solutions to meet customer needs.\n<br>\n<br><\/div>\r\n              <div class=\"read-more\">\r\n                  <a href=\"https:\/\/www.kautec.net\/en\/kautec-group\/kautec-solutions\/\" class=\"btn-theme btn-small\" target=\"_blank\">\r\n          <span>Read More<\/span>        <\/a>\r\n                <\/div>\r\n          <\/div>  \r\n  <\/div>\r\n <\/div>\t\t<\/div>\n\t\t\t\t<\/div>\n\t\t\t\t\t<\/div>\n\t\t<\/div>\n\t\t\t\t\t<\/div>\n\t\t<\/section>\n\t\t\t\t\t<\/div>\n\t\t<\/div>\n\t\t\t\t<div class=\"elementor-column elementor-col-50 elementor-top-column elementor-element elementor-element-ad6edbf top column-style-top\" data-id=\"ad6edbf\" data-element_type=\"column\">\n\t\t\t<div class=\"elementor-widget-wrap elementor-element-populated\">\n\t\t\t\t\t\t\t<\/div>\n\t\t<\/div>\n\t\t\t\t\t<\/div>\n\t\t<\/section>\n\t\t\t\t<section class=\"elementor-section elementor-top-section elementor-element elementor-element-a4afd6d elementor-section-height-min-height elementor-section-boxed elementor-section-height-default elementor-section-items-middle\" data-id=\"a4afd6d\" data-element_type=\"section\" data-settings=\"{&quot;background_background&quot;:&quot;classic&quot;}\">\n\t\t\t\t\t\t\t<div class=\"elementor-background-overlay\"><\/div>\n\t\t\t\t\t\t\t<div class=\"elementor-container elementor-column-gap-default\">\n\t\t\t\t\t<div class=\"elementor-column elementor-col-100 elementor-top-column elementor-element elementor-element-af85491 top column-style-top\" data-id=\"af85491\" data-element_type=\"column\">\n\t\t\t<div class=\"elementor-widget-wrap elementor-element-populated\">\n\t\t\t\t\t\t<div class=\"elementor-element elementor-element-7e071ce elementor-invisible elementor-widget elementor-widget-heading\" data-id=\"7e071ce\" data-element_type=\"widget\" data-settings=\"{&quot;_animation&quot;:&quot;zoomIn&quot;}\" data-widget_type=\"heading.default\">\n\t\t\t\t<div class=\"elementor-widget-container\">\n\t\t\t<style>\/*! elementor - v3.23.0 - 05-08-2024 *\/\n.elementor-heading-title{padding:0;margin:0;line-height:1}.elementor-widget-heading .elementor-heading-title[class*=elementor-size-]>a{color:inherit;font-size:inherit;line-height:inherit}.elementor-widget-heading .elementor-heading-title.elementor-size-small{font-size:15px}.elementor-widget-heading .elementor-heading-title.elementor-size-medium{font-size:19px}.elementor-widget-heading .elementor-heading-title.elementor-size-large{font-size:29px}.elementor-widget-heading .elementor-heading-title.elementor-size-xl{font-size:39px}.elementor-widget-heading .elementor-heading-title.elementor-size-xxl{font-size:59px}<\/style><h2 class=\"elementor-heading-title elementor-size-default\">INTERNATIONAL STANDARD<\/h2>\t\t<\/div>\n\t\t\t\t<\/div>\n\t\t\t\t\t<\/div>\n\t\t<\/div>\n\t\t\t\t\t<\/div>\n\t\t<\/section>\n\t\t\t\t<\/div>","protected":false},"excerpt":{"rendered":"<p>WAGNERR CO WAGNER l\u00e0 nh\u00e0 s?n xu?t c\u00e1c s?n ph?m ho\u00e0n thi?n b? m?t h\u00e0ng ??u th? gi?i. WAGNER\u2019s Industrial Solutions c\u00f3 v?n ph\u00f2ng t?i Hoa K? ???c ??t t?i [&hellip;]<\/p>","protected":false},"author":209997363,"featured_media":0,"parent":0,"menu_order":0,"comment_status":"closed","ping_status":"closed","template":"","meta":[],"aioseo_notices":[],"amp_enabled":true,"_links":{"self":[{"href":"https:\/\/vietphapshal.com.vn\/en\/wp-json\/wp\/v2\/pages\/1397"}],"collection":[{"href":"https:\/\/vietphapshal.com.vn\/en\/wp-json\/wp\/v2\/pages"}],"about":[{"href":"https:\/\/vietphapshal.com.vn\/en\/wp-json\/wp\/v2\/types\/page"}],"author":[{"embeddable":true,"href":"https:\/\/vietphapshal.com.vn\/en\/wp-json\/wp\/v2\/users\/209997363"}],"replies":[{"embeddable":true,"href":"https:\/\/vietphapshal.com.vn\/en\/wp-json\/wp\/v2\/comments?post=1397"}],"version-history":[{"count":32,"href":"https:\/\/vietphapshal.com.vn\/en\/wp-json\/wp\/v2\/pages\/1397\/revisions"}],"predecessor-version":[{"id":15941,"href":"https:\/\/vietphapshal.com.vn\/en\/wp-json\/wp\/v2\/pages\/1397\/revisions\/15941"}],"wp:attachment":[{"href":"https:\/\/vietphapshal.com.vn\/en\/wp-json\/wp\/v2\/media?parent=1397"}],"curies":[{"name":"wp","href":"https:\/\/api.w.org\/{rel}","templated":true}]}}