{"id":3124,"date":"2018-07-05T01:04:27","date_gmt":"2018-07-04T18:04:27","guid":{"rendered":"https:\/\/www.gavias-theme.com\/wp\/inusti\/?page_id=3124"},"modified":"2025-03-24T10:02:06","modified_gmt":"2025-03-24T03:02:06","slug":"services","status":"publish","type":"page","link":"https:\/\/vietphapshal.com.vn\/en\/services\/","title":{"rendered":"Production capacity"},"content":{"rendered":"<p><img src=\"https:\/\/vietphapshal.com.vn\/wp-content\/uploads\/2022\/07\/dau-keo-dan-dun-nhom-ep-1-scaled.jpg\" alt=\"D\u00e2y chuy\u1ec1n\u0110\u00f9n \u00e9p\"><\/p>\n<h3>Necklace<br \/>\nExtrusion<\/h3>\n<p>JIS H4100 and EN 755 standards. Imported line from Europe<\/p>\n<p><a href=\"https:\/\/chester0911.wpcomstaging.com\/services\/day-chuyen-dun-ep\/\"><br \/>\n<\/a><br \/>\n<a href=\"https:\/\/chester0911.wpcomstaging.com\/services\/day-chuyen-dun-ep\/\" target=\"_blank\" rel=\"noopener\"><\/a><br \/>\n<!-- Style II --><br \/>\n<img src=\"https:\/\/vietphapshal.com.vn\/wp-content\/uploads\/2022\/07\/Untitled-design.jpg\" alt=\"Ph\u00f4iv\u00e0 Billet\"><\/p>\n<h3>Embryo<br \/>\nand Billet<\/h3>\n<p>6005, 6060, 6061, 6063, 6082 with heat treatment grades T4, T5, T6, T66<\/p>\n<p><a href=\"https:\/\/chester0911.wpcomstaging.com\/services\/phoi-va-billet\/\"><br \/>\n<\/a><br \/>\n<a href=\"https:\/\/chester0911.wpcomstaging.com\/services\/phoi-va-billet\/\" target=\"_blank\" rel=\"noopener\"><\/a><br \/>\n<!-- Style II --><br \/>\n<img src=\"https:\/\/vietphapshal.com.vn\/wp-content\/uploads\/2022\/07\/16.jpg\" alt=\"S\u01a1nT\u0129nh \u0111i\u1ec7n\"><\/p>\n<h3>Paint<br \/>\nElectrostatic<\/h3>\n<p>International standards AAMA, GSB and QUALICOAT. Surface warranty period up to 30 years<br \/>\n<a href=\"https:\/\/chester0911.wpcomstaging.com\/services\/son-tinh-dien\/\"><br \/>\n<\/a><br \/>\n<a href=\"https:\/\/chester0911.wpcomstaging.com\/services\/son-tinh-dien\/\" target=\"_blank\" rel=\"noopener\"><\/a><br \/>\n<!-- Style II --><br \/>\n<img src=\"https:\/\/vietphapshal.com.vn\/wp-content\/uploads\/2022\/07\/Untitled-design-2.jpg\" alt=\"S\u01a1n ph\u1ee7 phim Decoral\"><\/p>\n<h3>Decoral film coating<\/h3>\n<p>DECORAL is a company specializing in manufacturing heat transfer film coating systems, famous worldwide.<\/p>\n<p><a href=\"https:\/\/chester0911.wpcomstaging.com\/services\/he-thong-phu-phim-decoral\/\"><br \/>\n<\/a><br \/>\n<a href=\"https:\/\/chester0911.wpcomstaging.com\/services\/he-thong-phu-phim-decoral\/\" target=\"_blank\" rel=\"noopener\"><\/a><br \/>\n<!-- Style II --><br \/>\n<img src=\"https:\/\/vietphapshal.com.vn\/wp-content\/uploads\/2022\/07\/Untitled-design-1.jpg\" alt=\"S\u01a1n ph\u1ee7B\u1ec1 m\u1eb7t PVDF\"><\/p>\n<h3>Coating<br \/>\nSurface PVDF<\/h3>\n<p>PPG Industrial Coatings, Valspa Corporation, Becker Industrial and Nippon Paint.<br \/>\n<a href=\"https:\/\/chester0911.wpcomstaging.com\/services\/son-phu-be-mat-pvdf\/\"><br \/>\n<\/a><br \/>\n<a href=\"https:\/\/chester0911.wpcomstaging.com\/services\/son-phu-be-mat-pvdf\/\" target=\"_blank\" rel=\"noopener\"><\/a><br \/>\n<!-- Style II --><br \/>\n<img src=\"https:\/\/vietphapshal.com.vn\/wp-content\/uploads\/2022\/07\/Untitled-design-3.jpg\" alt=\"H\u1ec7 th\u1ed1ng x\u1eed l\u00fd n\u01b0\u1edbc th\u1ea3i\"><\/p>\n<h3>Waste water treatment system<\/h3>\n<p>Wastewater is treated up to column A standards of CVN40:2011 \/BTNMT<\/p>\n<p><a href=\"https:\/\/chester0911.wpcomstaging.com\/services\/he-thong-xu-ly-nuoc-thai\/\"><br \/>\n<\/a><br \/>\n<a href=\"https:\/\/chester0911.wpcomstaging.com\/services\/he-thong-xu-ly-nuoc-thai\/\"><\/a><br \/>\n<!-- Style II --><\/p>\n<style>\/*! elementor - v3.6.7 - 03-07-2022 *\/<br \/>\n.elementor-heading-title{padding:0;margin:0;line-height:1}.elementor-widget-heading .elementor-heading-title[class*=elementor-size-]>a{color:inherit;font-size:inherit;line-height:inherit}.elementor-widget-heading .elementor-heading-title.elementor-size-small{font-size:15px}.elementor-widget-heading .elementor-heading-title.elementor-size-medium{font-size:19px}.elementor-widget-heading .elementor-heading-title.elementor-size-large{font-size:29px}.elementor-widget-heading .elementor-heading-title.elementor-size-xl{font-size:39px}.elementor-widget-heading .elementor-heading-title.elementor-size-xxl{font-size:59px}<\/style>\n<h2>INTERNATIONAL STANDARD<\/h2>","protected":false},"excerpt":{"rendered":"<p>Extrusion Line JIS H4100 and EN 755 Standard Imported from Europe Billet and Billet 6005, 6060, 6061, 6063, 6082 with different processing levels, [\u2026]<\/p>","protected":false},"author":209997363,"featured_media":0,"parent":0,"menu_order":0,"comment_status":"closed","ping_status":"closed","template":"","meta":[],"aioseo_notices":[],"amp_enabled":true,"_links":{"self":[{"href":"https:\/\/vietphapshal.com.vn\/en\/wp-json\/wp\/v2\/pages\/3124"}],"collection":[{"href":"https:\/\/vietphapshal.com.vn\/en\/wp-json\/wp\/v2\/pages"}],"about":[{"href":"https:\/\/vietphapshal.com.vn\/en\/wp-json\/wp\/v2\/types\/page"}],"author":[{"embeddable":true,"href":"https:\/\/vietphapshal.com.vn\/en\/wp-json\/wp\/v2\/users\/209997363"}],"replies":[{"embeddable":true,"href":"https:\/\/vietphapshal.com.vn\/en\/wp-json\/wp\/v2\/comments?post=3124"}],"version-history":[{"count":20,"href":"https:\/\/vietphapshal.com.vn\/en\/wp-json\/wp\/v2\/pages\/3124\/revisions"}],"predecessor-version":[{"id":16415,"href":"https:\/\/vietphapshal.com.vn\/en\/wp-json\/wp\/v2\/pages\/3124\/revisions\/16415"}],"wp:attachment":[{"href":"https:\/\/vietphapshal.com.vn\/en\/wp-json\/wp\/v2\/media?parent=3124"}],"curies":[{"name":"wp","href":"https:\/\/api.w.org\/{rel}","templated":true}]}}