{"id":7247,"date":"2020-03-23T02:00:25","date_gmt":"2020-03-22T19:00:25","guid":{"rendered":"https:\/\/www.gavias-theme.com\/wp\/inusti\/?page_id=7247"},"modified":"2022-07-21T08:21:29","modified_gmt":"2022-07-21T01:21:29","slug":"tuyen-dung-content-marketing","status":"publish","type":"page","link":"https:\/\/vietphapshal.com.vn\/en\/tuyen-dung-content-marketing\/","title":{"rendered":"Recruiting content marketing"},"content":{"rendered":"<div data-elementor-type=\"wp-page\" data-elementor-id=\"7247\" class=\"elementor elementor-7247\">\n\t\t\t\t\t\t<section class=\"elementor-section elementor-top-section elementor-element elementor-element-1c8f elementor-section-boxed elementor-section-height-default elementor-section-height-default\" data-id=\"1c8f\" data-element_type=\"section\">\n\t\t\t\t\t\t<div class=\"elementor-container elementor-column-gap-default\">\n\t\t\t\t\t<div class=\"elementor-column elementor-col-100 elementor-top-column elementor-element elementor-element-2fee top column-style-top\" data-id=\"2fee\" data-element_type=\"column\">\n\t\t\t<div class=\"elementor-widget-wrap elementor-element-populated\">\n\t\t\t\t\t\t<section class=\"elementor-section elementor-inner-section elementor-element elementor-element-b3b5971 elementor-section-boxed elementor-section-height-default elementor-section-height-default\" data-id=\"b3b5971\" data-element_type=\"section\">\n\t\t\t\t\t\t<div class=\"elementor-container elementor-column-gap-default\">\n\t\t\t\t\t<div class=\"elementor-column elementor-col-50 elementor-inner-column elementor-element elementor-element-b60c0fa top column-style-top\" data-id=\"b60c0fa\" data-element_type=\"column\">\n\t\t\t<div class=\"elementor-widget-wrap elementor-element-populated\">\n\t\t\t\t\t\t<div class=\"elementor-element elementor-element-38114be elementor-widget elementor-widget-text-editor\" data-id=\"38114be\" data-element_type=\"widget\" data-widget_type=\"text-editor.default\">\n\t\t\t\t<div class=\"elementor-widget-container\">\n\t\t\t<style>\/*! elementor - v3.23.0 - 05-08-2024 *\/\n.elementor-widget-text-editor.elementor-drop-cap-view-stacked .elementor-drop-cap{background-color:#69727d;color:#fff}.elementor-widget-text-editor.elementor-drop-cap-view-framed .elementor-drop-cap{color:#69727d;border:3px solid;background-color:transparent}.elementor-widget-text-editor:not(.elementor-drop-cap-view-default) .elementor-drop-cap{margin-top:8px}.elementor-widget-text-editor:not(.elementor-drop-cap-view-default) .elementor-drop-cap-letter{width:1em;height:1em}.elementor-widget-text-editor .elementor-drop-cap{float:left;text-align:center;line-height:1;font-size:50px}.elementor-widget-text-editor .elementor-drop-cap-letter{display:inline-block}<\/style>\t\t\t\t<h2><b>JOB DESCRIPTION<\/b><\/h2><hr \/><p><b>WORKPLACE<br \/><\/b>\u00a0 Hanoi (Nam Tu Liem District)<br \/><b>RANK<br \/><\/b>\u00a0 Staff<br \/><b>FORM<br \/><\/b>\u00a0 Official staff<br \/><b>DEGREE<br \/><\/b>\u00a0 University<br \/><b>EXPERIENCE<br \/><\/b>\u00a0 12 years<br \/><b>WAGE<br \/><\/b>\u00a0 9 \u2013 12 million VND\/month<br \/><b>CAREER<br \/><\/b>\u00a0 Marketing<br \/><b>DEADLINE FOR RECEIVING DOCUMENTS<br \/><\/b>\u00a0 20\/08\/2021<\/p><p>\u00a0<\/p>\t\t\t\t\t\t<\/div>\n\t\t\t\t<\/div>\n\t\t\t\t<div class=\"elementor-element elementor-element-b1d0d2f elementor-widget elementor-widget-image\" data-id=\"b1d0d2f\" data-element_type=\"widget\" data-widget_type=\"image.default\">\n\t\t\t\t<div class=\"elementor-widget-container\">\n\t\t\t<style>\/*! elementor - v3.23.0 - 05-08-2024 *\/\n.elementor-widget-image{text-align:center}.elementor-widget-image a{display:inline-block}.elementor-widget-image a img[src$=\".svg\"]{width:48px}.elementor-widget-image img{vertical-align:middle;display:inline-block}<\/style>\t\t\t\t\t\t\t\t\t\t\t<a href=\"\">\n\t\t\t\t\t\t\t<img fetchpriority=\"high\" width=\"800\" height=\"800\" src=\"https:\/\/vietphapshal.com.vn\/wp-content\/uploads\/2021\/08\/Copy-of-Blue-Red-and-Yellow-Stars-Armed-Forces-Day-Social-Media-Graphic-1-1.png\" class=\"attachment-large size-large wp-image-14181\" alt=\"\" srcset=\"https:\/\/vietphapshal.com.vn\/wp-content\/uploads\/2021\/08\/Copy-of-Blue-Red-and-Yellow-Stars-Armed-Forces-Day-Social-Media-Graphic-1-1.png 800w, https:\/\/vietphapshal.com.vn\/wp-content\/uploads\/2021\/08\/Copy-of-Blue-Red-and-Yellow-Stars-Armed-Forces-Day-Social-Media-Graphic-1-1-300x300.png 300w, https:\/\/vietphapshal.com.vn\/wp-content\/uploads\/2021\/08\/Copy-of-Blue-Red-and-Yellow-Stars-Armed-Forces-Day-Social-Media-Graphic-1-1-180x180.png 180w, https:\/\/vietphapshal.com.vn\/wp-content\/uploads\/2021\/08\/Copy-of-Blue-Red-and-Yellow-Stars-Armed-Forces-Day-Social-Media-Graphic-1-1-600x600.png 600w, https:\/\/vietphapshal.com.vn\/wp-content\/uploads\/2021\/08\/Copy-of-Blue-Red-and-Yellow-Stars-Armed-Forces-Day-Social-Media-Graphic-1-1-150x150.png 150w, https:\/\/vietphapshal.com.vn\/wp-content\/uploads\/2021\/08\/Copy-of-Blue-Red-and-Yellow-Stars-Armed-Forces-Day-Social-Media-Graphic-1-1-768x768.png 768w, https:\/\/vietphapshal.com.vn\/wp-content\/uploads\/2021\/08\/Copy-of-Blue-Red-and-Yellow-Stars-Armed-Forces-Day-Social-Media-Graphic-1-1-400x400.png 400w, https:\/\/vietphapshal.com.vn\/wp-content\/uploads\/2021\/08\/Copy-of-Blue-Red-and-Yellow-Stars-Armed-Forces-Day-Social-Media-Graphic-1-1-200x200.png 200w\" sizes=\"(max-width: 800px) 100vw, 800px\" \/>\t\t\t\t\t\t\t\t<\/a>\n\t\t\t\t\t\t\t\t\t\t\t\t\t<\/div>\n\t\t\t\t<\/div>\n\t\t\t\t\t<\/div>\n\t\t<\/div>\n\t\t\t\t<div class=\"elementor-column elementor-col-50 elementor-inner-column elementor-element elementor-element-795ed6f top column-style-top\" data-id=\"795ed6f\" data-element_type=\"column\">\n\t\t\t<div class=\"elementor-widget-wrap elementor-element-populated\">\n\t\t\t\t\t\t<div class=\"elementor-element elementor-element-2ff202d elementor-widget elementor-widget-text-editor\" data-id=\"2ff202d\" data-element_type=\"widget\" data-widget_type=\"text-editor.default\">\n\t\t\t\t<div class=\"elementor-widget-container\">\n\t\t\t\t\t\t\t<h2><strong>EMPLOYMENT INFORMATION<\/strong><\/h2>\n<ol>\n<li>In charge of the content of the Company&#039;s marketing document system:<\/li>\n<\/ol>\n<ul>\n<li>Conceptualize themes, layouts, write content, prepare images &amp; coordinate the design of marketing materials, publications, sales tools for the Company (catalog\/ brochure\/ leaflet\/ flyer\/\/ sales toolket...)<\/li>\n<li>Writing PR articles in the press; Press Release;<\/li>\n<li>Compilation of Marketing emails, SMS, zalo, ... according to each Marketing campaign.<\/li>\n<li>Conceptualize and build TVC scripts, advertising scripts according to the communication strategy from time to time.<\/li>\n<li>Editing content of publications and specialized documents issued by the Company.<\/li>\n<\/ul>\n<p>2. Manage and develop Vietnamese and English content on website system, social media channels (facebook, youtube, Instagram, Twitter, Linkedin, Tik Tok, zalo OA...)<\/p>\n<ul>\n<li>Translating documents, synthesizing specialized articles, writing news articles about the Academy&#039;s activities and events to post on the Company&#039;s channels\/media.<\/li>\n<li>Writing PR articles \/ Professional analysis \/ buying behavior orientation SEO standards, On-page optimization, building quality backlinks.<\/li>\n<\/ul>\n<h2>JOB REQUIREMENTS<\/h2>\n<p>At least 1 year of experience as a website administrator or content development for information \/ communication channels.<br><ul><li>Good writing skills. Ability to interpret logic, exploit and expand the problem. Language used flexibly<\/li><li>Good observation ability, solid thinking, creativity and sensitivity.<\/li><li>Fluent in English: listening, speaking, reading, writing&nbsp;<\/li><li>Understanding of SEO &amp; Online Marketing and basic knowledge of security.<\/li><li>Good teamwork skills, eager to learn, share and reciprocate.<\/li><\/ul><\/p>\n<h2>REMUNERATION<\/h2>\n<ol>\n<li>Salary<\/li>\n<\/ol>\n<ul>\n<li>Salary: 9,000,000 \u2013 12,000,000 (depending on capacity)<\/li>\n<li>Ensure basic rights of employees (social insurance, health insurance, unemployment insurance, annual leave, holidays, Tet, ...).<\/li>\n<li>Working environment: Friendly, professional, with a clear orientation for the development of an employee.<\/li>\n<\/ul>\n<ol start=\"2\">\n<li>Other remuneration:<\/li>\n<\/ol>\n<ul>\n<li>Participate in the company&#039;s skills &amp; professional training courses<\/li>\n<li>Tet bonus; Periodic health examination; annual vacation.<\/li>\n<li>Working in a young, dynamic, friendly and professional corporate culture environment.<\/li>\n<li>Fully enjoy other preferential regimes such as participation in social insurance, health insurance, unemployment insurance ....<\/li>\n<\/ul>\n<ol start=\"3\">\n<li>Working time and environment:<\/li>\n<\/ol>\n<ul>\n<li>Working time: 8am - 5pm daily from Monday to Friday. Saturday from 8am to 12pm<\/li>\n<li>Work place: Group office: 6th floor, 3D Duy Tan building, Hanoi<\/li>\n<li>There are many opportunities for professional development.<\/li>\n<li>Friendly and open working environment.<\/li>\n<\/ul>\t\t\t\t\t\t<\/div>\n\t\t\t\t<\/div>\n\t\t\t\t\t<\/div>\n\t\t<\/div>\n\t\t\t\t\t<\/div>\n\t\t<\/section>\n\t\t\t\t\t<\/div>\n\t\t<\/div>\n\t\t\t\t\t<\/div>\n\t\t<\/section>\n\t\t\t\t<section class=\"elementor-section elementor-top-section elementor-element elementor-element-0fcb987 elementor-section-height-min-height elementor-section-boxed elementor-section-height-default elementor-section-items-middle\" data-id=\"0fcb987\" data-element_type=\"section\" data-settings=\"{&quot;background_background&quot;:&quot;classic&quot;}\">\n\t\t\t\t\t\t\t<div class=\"elementor-background-overlay\"><\/div>\n\t\t\t\t\t\t\t<div class=\"elementor-container elementor-column-gap-default\">\n\t\t\t\t\t<div class=\"elementor-column elementor-col-100 elementor-top-column elementor-element elementor-element-02f1fa1 top column-style-top\" data-id=\"02f1fa1\" data-element_type=\"column\">\n\t\t\t<div class=\"elementor-widget-wrap elementor-element-populated\">\n\t\t\t\t\t\t<div class=\"elementor-element elementor-element-7850f4e elementor-invisible elementor-widget elementor-widget-heading\" data-id=\"7850f4e\" data-element_type=\"widget\" data-settings=\"{&quot;_animation&quot;:&quot;zoomIn&quot;}\" data-widget_type=\"heading.default\">\n\t\t\t\t<div class=\"elementor-widget-container\">\n\t\t\t<style>\/*! elementor - v3.23.0 - 05-08-2024 *\/\n.elementor-heading-title{padding:0;margin:0;line-height:1}.elementor-widget-heading .elementor-heading-title[class*=elementor-size-]>a{color:inherit;font-size:inherit;line-height:inherit}.elementor-widget-heading .elementor-heading-title.elementor-size-small{font-size:15px}.elementor-widget-heading .elementor-heading-title.elementor-size-medium{font-size:19px}.elementor-widget-heading .elementor-heading-title.elementor-size-large{font-size:29px}.elementor-widget-heading .elementor-heading-title.elementor-size-xl{font-size:39px}.elementor-widget-heading .elementor-heading-title.elementor-size-xxl{font-size:59px}<\/style><h2 class=\"elementor-heading-title elementor-size-default\">JOIN THE VPS FAMILY TODAY!<\/h2>\t\t<\/div>\n\t\t\t\t<\/div>\n\t\t\t\t<div class=\"elementor-element elementor-element-f3def91 elementor-align-center elementor-widget elementor-widget-button\" data-id=\"f3def91\" data-element_type=\"widget\" data-widget_type=\"button.default\">\n\t\t\t\t<div class=\"elementor-widget-container\">\n\t\t\t\t\t<div class=\"elementor-button-wrapper\">\n\t\t\t<a class=\"elementor-button elementor-button-link elementor-size-lg\" href=\"mailto:info@vietphapshal.com.vn\">\n\t\t\t\t\t\t<span class=\"elementor-button-content-wrapper\">\n\t\t\t\t\t\t\t\t\t<span class=\"elementor-button-text\">SUBMISSION OF APPLICATIONS<\/span>\n\t\t\t\t\t<\/span>\n\t\t\t\t\t<\/a>\n\t\t<\/div>\n\t\t\t\t<\/div>\n\t\t\t\t<\/div>\n\t\t\t\t\t<\/div>\n\t\t<\/div>\n\t\t\t\t\t<\/div>\n\t\t<\/section>\n\t\t\t\t<section class=\"elementor-section elementor-top-section elementor-element elementor-element-c4c3340 elementor-section-boxed elementor-section-height-default elementor-section-height-default\" data-id=\"c4c3340\" data-element_type=\"section\" data-settings=\"{&quot;background_background&quot;:&quot;classic&quot;}\">\n\t\t\t\t\t\t<div class=\"elementor-container elementor-column-gap-default\">\n\t\t\t\t\t<div class=\"elementor-column elementor-col-100 elementor-top-column elementor-element elementor-element-db99e9a top column-style-top\" data-id=\"db99e9a\" data-element_type=\"column\">\n\t\t\t<div class=\"elementor-widget-wrap elementor-element-populated\">\n\t\t\t\t\t\t<section class=\"elementor-section elementor-inner-section elementor-element elementor-element-e7b956e elementor-section-boxed elementor-section-height-default elementor-section-height-default\" data-id=\"e7b956e\" data-element_type=\"section\">\n\t\t\t\t\t\t<div class=\"elementor-container elementor-column-gap-default\">\n\t\t\t\t\t<div class=\"elementor-column elementor-col-100 elementor-inner-column elementor-element elementor-element-96e035b top column-style-top\" data-id=\"96e035b\" data-element_type=\"column\">\n\t\t\t<div class=\"elementor-widget-wrap elementor-element-populated\">\n\t\t\t\t\t\t<div class=\"elementor-element elementor-element-4dbf62f elementor-widget elementor-widget-heading\" data-id=\"4dbf62f\" data-element_type=\"widget\" data-widget_type=\"heading.default\">\n\t\t\t\t<div class=\"elementor-widget-container\">\n\t\t\t<h2 class=\"elementor-heading-title elementor-size-default\">OBLIGATION - HONOR - LOVE<\/h2>\t\t<\/div>\n\t\t\t\t<\/div>\n\t\t\t\t\t<\/div>\n\t\t<\/div>\n\t\t\t\t\t<\/div>\n\t\t<\/section>\n\t\t\t\t<section class=\"elementor-section elementor-inner-section elementor-element elementor-element-a0e69a6 elementor-section-boxed elementor-section-height-default elementor-section-height-default\" data-id=\"a0e69a6\" data-element_type=\"section\">\n\t\t\t\t\t\t<div class=\"elementor-container elementor-column-gap-default\">\n\t\t\t\t\t<div class=\"elementor-column elementor-col-100 elementor-inner-column elementor-element elementor-element-13bc750 top column-style-top\" data-id=\"13bc750\" data-element_type=\"column\">\n\t\t\t<div class=\"elementor-widget-wrap elementor-element-populated\">\n\t\t\t\t\t\t<div class=\"elementor-element elementor-element-2612e49 elementor-arrows-position-inside elementor-widget elementor-widget-image-carousel\" data-id=\"2612e49\" data-element_type=\"widget\" data-settings=\"{&quot;slides_to_show&quot;:&quot;4&quot;,&quot;navigation&quot;:&quot;arrows&quot;,&quot;pause_on_hover&quot;:&quot;no&quot;,&quot;pause_on_interaction&quot;:&quot;no&quot;,&quot;autoplay&quot;:&quot;yes&quot;,&quot;autoplay_speed&quot;:5000,&quot;infinite&quot;:&quot;yes&quot;,&quot;speed&quot;:500}\" data-widget_type=\"image-carousel.default\">\n\t\t\t\t<div class=\"elementor-widget-container\">\n\t\t\t<style>\/*! elementor - v3.23.0 - 05-08-2024 *\/\n.elementor-widget-image-carousel .swiper,.elementor-widget-image-carousel .swiper-container{position:static}.elementor-widget-image-carousel .swiper-container .swiper-slide figure,.elementor-widget-image-carousel .swiper .swiper-slide figure{line-height:inherit}.elementor-widget-image-carousel .swiper-slide{text-align:center}.elementor-image-carousel-wrapper:not(.swiper-container-initialized):not(.swiper-initialized) .swiper-slide{max-width:calc(100% \/ var(--e-image-carousel-slides-to-show, 3))}<\/style>\t\t<div class=\"elementor-image-carousel-wrapper swiper\" dir=\"ltr\">\n\t\t\t<div class=\"elementor-image-carousel swiper-wrapper\" aria-live=\"off\">\n\t\t\t\t\t\t\t\t<div class=\"swiper-slide\" role=\"group\" aria-roledescription=\"slide\" aria-label=\"1 of 6\"><figure class=\"swiper-slide-inner\"><img class=\"swiper-slide-image\" src=\"https:\/\/vietphapshal.com.vn\/wp-content\/uploads\/2021\/08\/TUR_1245-640x675.jpg\" alt=\"TUR_1245\" \/><\/figure><\/div><div class=\"swiper-slide\" role=\"group\" aria-roledescription=\"slide\" aria-label=\"2 of 6\"><figure class=\"swiper-slide-inner\"><img class=\"swiper-slide-image\" src=\"https:\/\/vietphapshal.com.vn\/wp-content\/uploads\/2021\/08\/TUR_1281-1-640x675.jpg\" alt=\"TUR_1281\" \/><\/figure><\/div><div class=\"swiper-slide\" role=\"group\" aria-roledescription=\"slide\" aria-label=\"3 of 6\"><figure class=\"swiper-slide-inner\"><img class=\"swiper-slide-image\" src=\"https:\/\/vietphapshal.com.vn\/wp-content\/uploads\/2021\/08\/TUR_1253-1-640x675.jpg\" alt=\"TUR_1253 (1)\" \/><\/figure><\/div><div class=\"swiper-slide\" role=\"group\" aria-roledescription=\"slide\" aria-label=\"4 of 6\"><figure class=\"swiper-slide-inner\"><img class=\"swiper-slide-image\" src=\"https:\/\/vietphapshal.com.vn\/wp-content\/uploads\/2021\/08\/TUR_1176-1-scaled.jpg\" alt=\"TUR_1176\" \/><\/figure><\/div><div class=\"swiper-slide\" role=\"group\" aria-roledescription=\"slide\" aria-label=\"5 of 6\"><figure class=\"swiper-slide-inner\"><img class=\"swiper-slide-image\" src=\"https:\/\/vietphapshal.com.vn\/wp-content\/uploads\/2021\/08\/TUR_1113-1-640x675.jpg\" alt=\"TUR_1113\" \/><\/figure><\/div><div class=\"swiper-slide\" role=\"group\" aria-roledescription=\"slide\" aria-label=\"6 of 6\"><figure class=\"swiper-slide-inner\"><img class=\"swiper-slide-image\" src=\"https:\/\/vietphapshal.com.vn\/wp-content\/uploads\/2021\/08\/chuyen-gia-3-1-640x675.jpg\" alt=\"chuyen gia 3\" \/><\/figure><\/div>\t\t\t<\/div>\n\t\t\t\t\t\t\t\t\t\t\t\t<div class=\"elementor-swiper-button elementor-swiper-button-prev\" role=\"button\" tabindex=\"0\">\n\t\t\t\t\t\t<i aria-hidden=\"true\" class=\"eicon-chevron-left\"><\/i>\t\t\t\t\t<\/div>\n\t\t\t\t\t<div class=\"elementor-swiper-button elementor-swiper-button-next\" role=\"button\" tabindex=\"0\">\n\t\t\t\t\t\t<i aria-hidden=\"true\" class=\"eicon-chevron-right\"><\/i>\t\t\t\t\t<\/div>\n\t\t\t\t\n\t\t\t\t\t\t\t\t\t<\/div>\n\t\t\t\t<\/div>\n\t\t\t\t<\/div>\n\t\t\t\t\t<\/div>\n\t\t<\/div>\n\t\t\t\t\t<\/div>\n\t\t<\/section>\n\t\t\t\t\t<\/div>\n\t\t<\/div>\n\t\t\t\t\t<\/div>\n\t\t<\/section>\n\t\t\t\t<\/div>","protected":false},"excerpt":{"rendered":"<p>M\u00d4 T? C\u00d4NG VI?C N?I L\u00c0M VI?C\u00a0 H\u00e0 N?i (Qu?n Nam T? Li\u00eam)C?P B?C\u00a0 Nh\u00e2n vi\u00eanH\u00ccNH TH?C\u00a0 Nh\u00e2n vi\u00ean ch\u00ednh th?cB?NG C?P\u00a0 ??i h?cKINH NGHI?M\u00a0 1 &#8211; 2 n?mM?C L??NG\u00a0 [&hellip;]<\/p>","protected":false},"author":209997363,"featured_media":0,"parent":0,"menu_order":0,"comment_status":"closed","ping_status":"closed","template":"","meta":[],"aioseo_notices":[],"amp_enabled":true,"_links":{"self":[{"href":"https:\/\/vietphapshal.com.vn\/en\/wp-json\/wp\/v2\/pages\/7247"}],"collection":[{"href":"https:\/\/vietphapshal.com.vn\/en\/wp-json\/wp\/v2\/pages"}],"about":[{"href":"https:\/\/vietphapshal.com.vn\/en\/wp-json\/wp\/v2\/types\/page"}],"author":[{"embeddable":true,"href":"https:\/\/vietphapshal.com.vn\/en\/wp-json\/wp\/v2\/users\/209997363"}],"replies":[{"embeddable":true,"href":"https:\/\/vietphapshal.com.vn\/en\/wp-json\/wp\/v2\/comments?post=7247"}],"version-history":[{"count":20,"href":"https:\/\/vietphapshal.com.vn\/en\/wp-json\/wp\/v2\/pages\/7247\/revisions"}],"predecessor-version":[{"id":15963,"href":"https:\/\/vietphapshal.com.vn\/en\/wp-json\/wp\/v2\/pages\/7247\/revisions\/15963"}],"wp:attachment":[{"href":"https:\/\/vietphapshal.com.vn\/en\/wp-json\/wp\/v2\/media?parent=7247"}],"curies":[{"name":"wp","href":"https:\/\/api.w.org\/{rel}","templated":true}]}}