{"id":7968,"date":"2020-04-11T08:36:29","date_gmt":"2020-04-11T01:36:29","guid":{"rendered":"https:\/\/www.gavias-theme.com\/wp\/inusti\/?page_id=7968"},"modified":"2022-07-21T10:58:54","modified_gmt":"2022-07-21T03:58:54","slug":"tin-tuc","status":"publish","type":"page","link":"https:\/\/vietphapshal.com.vn\/en\/tin-tuc\/","title":{"rendered":"News"},"content":{"rendered":"<div data-elementor-type=\"wp-page\" data-elementor-id=\"7968\" class=\"elementor elementor-7968\">\n\t\t\t\t\t\t<section class=\"elementor-section elementor-top-section elementor-element elementor-element-adc65de elementor-section-boxed elementor-section-height-default elementor-section-height-default\" data-id=\"adc65de\" data-element_type=\"section\">\n\t\t\t\t\t\t<div class=\"elementor-container elementor-column-gap-default\">\n\t\t\t\t\t<div class=\"elementor-column elementor-col-100 elementor-top-column elementor-element elementor-element-474e27b top column-style-top\" data-id=\"474e27b\" data-element_type=\"column\">\n\t\t\t<div class=\"elementor-widget-wrap elementor-element-populated\">\n\t\t\t\t\t\t<section class=\"elementor-section elementor-inner-section elementor-element elementor-element-3ea32b4 elementor-section-boxed elementor-section-height-default elementor-section-height-default\" data-id=\"3ea32b4\" data-element_type=\"section\">\n\t\t\t\t\t\t<div class=\"elementor-container elementor-column-gap-default\">\n\t\t\t\t\t<div class=\"elementor-column elementor-col-50 elementor-inner-column elementor-element elementor-element-e05b347 top column-style-top\" data-id=\"e05b347\" data-element_type=\"column\">\n\t\t\t<div class=\"elementor-widget-wrap elementor-element-populated\">\n\t\t\t\t\t\t<div class=\"elementor-element elementor-element-f10b0d1 elementor-widget elementor-widget-heading\" data-id=\"f10b0d1\" data-element_type=\"widget\" data-widget_type=\"heading.default\">\n\t\t\t\t<div class=\"elementor-widget-container\">\n\t\t\t<style>\/*! elementor - v3.23.0 - 05-08-2024 *\/\n.elementor-heading-title{padding:0;margin:0;line-height:1}.elementor-widget-heading .elementor-heading-title[class*=elementor-size-]>a{color:inherit;font-size:inherit;line-height:inherit}.elementor-widget-heading .elementor-heading-title.elementor-size-small{font-size:15px}.elementor-widget-heading .elementor-heading-title.elementor-size-medium{font-size:19px}.elementor-widget-heading .elementor-heading-title.elementor-size-large{font-size:29px}.elementor-widget-heading .elementor-heading-title.elementor-size-xl{font-size:39px}.elementor-widget-heading .elementor-heading-title.elementor-size-xxl{font-size:59px}<\/style><h2 class=\"elementor-heading-title elementor-size-default\">HIGHLIGHTS US PRODUCTS<\/h2>\t\t<\/div>\n\t\t\t\t<\/div>\n\t\t\t\t\t<\/div>\n\t\t<\/div>\n\t\t\t\t<div class=\"elementor-column elementor-col-50 elementor-inner-column elementor-element elementor-element-41c0ef3 top column-style-top\" data-id=\"41c0ef3\" data-element_type=\"column\">\n\t\t\t<div class=\"elementor-widget-wrap\">\n\t\t\t\t\t\t\t<\/div>\n\t\t<\/div>\n\t\t\t\t\t<\/div>\n\t\t<\/section>\n\t\t\t\t<div class=\"elementor-element elementor-element-a83bab2 elementor-widget elementor-widget-gva-posts\" data-id=\"a83bab2\" data-element_type=\"widget\" data-widget_type=\"gva-posts.default\">\n\t\t\t\t<div class=\"elementor-widget-container\">\n\t\t\t<div class=\"gva-element-gva-posts gva-element\">  \r\n  <div class=\"gva-posts-grid clearfix gva-posts\">\r\n      <div class=\"gva-content-items\"> \r\n        <div class=\"lg-block-grid-3 md-block-grid-3 sm-block-grid-2 xs-block-grid-2 xx-block-grid-1\">\r\n          \r\n<div class=\"all tieu-diem-san-pham  item-columns\">\r\n   <article id=\"post-16346\" class=\"post-16346 post type-post status-publish format-standard has-post-thumbnail hentry category-tieu-diem-san-pham\">\r\n      <div class=\"post-block post-style-1\">\r\n         <div class=\"post-thumbnail\">\r\n            <a href=\"https:\/\/vietphapshal.com.vn\/en\/2023\/02\/08\/nhom-viet-phap-shal-truong-ton-cung-nam-thang\/\">\r\n               <img loading=\"lazy\" width=\"600\" height=\"455\" src=\"https:\/\/vietphapshal.com.vn\/wp-content\/uploads\/2023\/01\/dau-keo-dan-dun-nhom-ep-1-scaled-1-600x455.jpeg\" class=\"attachment-post-thumbnail size-post-thumbnail wp-post-image\" alt=\"Nh\u00f4m Vi\u1ec7t Ph\u00e1p Shal &#8211; tr\u01b0\u1eddng t\u1ed3n c\u00f9ng n\u0103m th\u00e1ng\" \/>            <\/a>   \r\n                           <div class=\"entry-date\">08\/02\/2023<\/div>\r\n                     <\/div>   \r\n\r\n         <div class=\"entry-content\">\r\n            <div class=\"content-inner\">\r\n               <div class=\"entry-meta\">\r\n                  <div class=\"meta-inline\"><span class=\"author vcard\"><i class=\"far fa-user-circle\"><\/i>by Hoang Ha<\/span><span class=\"post-comment\"><i class=\"fas fa-comments\"><\/i>0 comments<\/span><\/div>                  \r\n               <\/div> \r\n               <h2 class=\"entry-title\"><a href=\"https:\/\/vietphapshal.com.vn\/en\/2023\/02\/08\/nhom-viet-phap-shal-truong-ton-cung-nam-thang\/\" rel=\"bookmark\">Aluminum Vietnam Phap Shal \u2013 lasting with the years<\/a><\/h2>\r\n               <div class=\"read-more\">\r\n                  <a class=\"btn-inline\" href=\"https:\/\/vietphapshal.com.vn\/en\/2023\/02\/08\/nhom-viet-phap-shal-truong-ton-cung-nam-thang\/\">Read more<\/a>\r\n               <\/div>\r\n            <\/div>\r\n         <\/div>\r\n      <\/div>   \r\n   <\/article>   \r\n<\/div>\r\n\r\n  \r\n<div class=\"all tieu-diem-san-pham  item-columns\">\r\n   <article id=\"post-16330\" class=\"post-16330 post type-post status-publish format-standard has-post-thumbnail hentry category-tieu-diem-san-pham\">\r\n      <div class=\"post-block post-style-1\">\r\n         <div class=\"post-thumbnail\">\r\n            <a href=\"https:\/\/vietphapshal.com.vn\/en\/2023\/02\/01\/cua-nhom-viet-phap-shal-sang-trong-va-dang-cap\/\">\r\n               <img loading=\"lazy\" width=\"600\" height=\"455\" src=\"https:\/\/vietphapshal.com.vn\/wp-content\/uploads\/2023\/02\/cua-nhom-viet-phap-4-canh-15-1200x675-1-600x455.jpg\" class=\"attachment-post-thumbnail size-post-thumbnail wp-post-image\" alt=\"C\u1eeda nh\u00f4m Vi\u1ec7t Ph\u00e1p Shal sang tr\u1ecdng v\u00e0 \u0111\u1eb3ng c\u1ea5p\" \/>            <\/a>   \r\n                           <div class=\"entry-date\">01\/02\/2023<\/div>\r\n                     <\/div>   \r\n\r\n         <div class=\"entry-content\">\r\n            <div class=\"content-inner\">\r\n               <div class=\"entry-meta\">\r\n                  <div class=\"meta-inline\"><span class=\"author vcard\"><i class=\"far fa-user-circle\"><\/i>by Hoang Ha<\/span><span class=\"post-comment\"><i class=\"fas fa-comments\"><\/i>0 comments<\/span><\/div>                  \r\n               <\/div> \r\n               <h2 class=\"entry-title\"><a href=\"https:\/\/vietphapshal.com.vn\/en\/2023\/02\/01\/cua-nhom-viet-phap-shal-sang-trong-va-dang-cap\/\" rel=\"bookmark\">Luxury and classy Vietnamese French Shal aluminum door<\/a><\/h2>\r\n               <div class=\"read-more\">\r\n                  <a class=\"btn-inline\" href=\"https:\/\/vietphapshal.com.vn\/en\/2023\/02\/01\/cua-nhom-viet-phap-shal-sang-trong-va-dang-cap\/\">Read more<\/a>\r\n               <\/div>\r\n            <\/div>\r\n         <\/div>\r\n      <\/div>   \r\n   <\/article>   \r\n<\/div>\r\n\r\n  \r\n<div class=\"all tieu-diem-san-pham  item-columns\">\r\n   <article id=\"post-16313\" class=\"post-16313 post type-post status-publish format-standard has-post-thumbnail hentry category-tieu-diem-san-pham\">\r\n      <div class=\"post-block post-style-1\">\r\n         <div class=\"post-thumbnail\">\r\n            <a href=\"https:\/\/vietphapshal.com.vn\/en\/2023\/01\/27\/cua-nhom-viet-phap-shal-phu-hop-voi-nhung-cong-trinh-nao\/\">\r\n               <img loading=\"lazy\" width=\"600\" height=\"455\" src=\"https:\/\/vietphapshal.com.vn\/wp-content\/uploads\/2023\/01\/cua-kinh-khung-nhom-viet-phap-co-bao-nhieu-loai-1-600x455.jpeg\" class=\"attachment-post-thumbnail size-post-thumbnail wp-post-image\" alt=\"C\u1eeda nh\u00f4m Vi\u1ec7t Ph\u00e1p Shal ph\u00f9 h\u1ee3p v\u1edbi nh\u1eefng c\u00f4ng tr\u00ecnh n\u00e0o\" \/>            <\/a>   \r\n                           <div class=\"entry-date\">27\/01\/2023<\/div>\r\n                     <\/div>   \r\n\r\n         <div class=\"entry-content\">\r\n            <div class=\"content-inner\">\r\n               <div class=\"entry-meta\">\r\n                  <div class=\"meta-inline\"><span class=\"author vcard\"><i class=\"far fa-user-circle\"><\/i>by Hoang Ha<\/span><span class=\"post-comment\"><i class=\"fas fa-comments\"><\/i>0 comments<\/span><\/div>                  \r\n               <\/div> \r\n               <h2 class=\"entry-title\"><a href=\"https:\/\/vietphapshal.com.vn\/en\/2023\/01\/27\/cua-nhom-viet-phap-shal-phu-hop-voi-nhung-cong-trinh-nao\/\" rel=\"bookmark\">What projects are Viet Phap Shal aluminum doors suitable for?<\/a><\/h2>\r\n               <div class=\"read-more\">\r\n                  <a class=\"btn-inline\" href=\"https:\/\/vietphapshal.com.vn\/en\/2023\/01\/27\/cua-nhom-viet-phap-shal-phu-hop-voi-nhung-cong-trinh-nao\/\">Read more<\/a>\r\n               <\/div>\r\n            <\/div>\r\n         <\/div>\r\n      <\/div>   \r\n   <\/article>   \r\n<\/div>\r\n\r\n          <\/div>\r\n      <\/div>\r\n                <div class=\"pagination\">\r\n              <div class=\"column one pager_wrapper\"><div class=\"pager\"><div class=\"paginations\"><a href=\"https:\/\/vietphapshal.com.vn\/en\/wp-json\/wp\/v2\/pages\/7968\" class=\"page-item active\">1<\/a><a href=\"https:\/\/vietphapshal.com.vn\/en\/wp-json\/wp\/v2\/pages\/7968\/page\/2\/\" class=\"page-item\">2<\/a><a href=\"https:\/\/vietphapshal.com.vn\/en\/wp-json\/wp\/v2\/pages\/7968\/page\/3\/\" class=\"page-item\">3<\/a><span class=\"page-item\">... <\/span><a href=\"https:\/\/vietphapshal.com.vn\/en\/wp-json\/wp\/v2\/pages\/7968\/page\/6\/\" class=\"page-item\">6<\/a><a class=\"next_page\" href=\"https:\/\/vietphapshal.com.vn\/en\/wp-json\/wp\/v2\/pages\/7968\/page\/2\/\"><i class=\"fas fa-chevron-right\"><\/i><\/a><\/div><\/div><\/div>\n          <\/div>\r\n        <\/div>\r\n  <\/div>\t\t<\/div>\n\t\t\t\t<\/div>\n\t\t\t\t<div class=\"elementor-element elementor-element-134f180 elementor-widget elementor-widget-gva-posts\" data-id=\"134f180\" data-element_type=\"widget\" data-widget_type=\"gva-posts.default\">\n\t\t\t\t<div class=\"elementor-widget-container\">\n\t\t\t<div class=\"gva-element-gva-posts gva-element\"><\/div>\t\t<\/div>\n\t\t\t\t<\/div>\n\t\t\t\t<section class=\"elementor-section elementor-inner-section elementor-element elementor-element-73e5878 elementor-section-boxed elementor-section-height-default elementor-section-height-default\" data-id=\"73e5878\" data-element_type=\"section\">\n\t\t\t\t\t\t<div class=\"elementor-container elementor-column-gap-default\">\n\t\t\t\t\t<div class=\"elementor-column elementor-col-50 elementor-inner-column elementor-element elementor-element-94ed6ca top column-style-top\" data-id=\"94ed6ca\" data-element_type=\"column\">\n\t\t\t<div class=\"elementor-widget-wrap elementor-element-populated\">\n\t\t\t\t\t\t<div class=\"elementor-element elementor-element-4c03085 elementor-widget elementor-widget-heading\" data-id=\"4c03085\" data-element_type=\"widget\" data-widget_type=\"heading.default\">\n\t\t\t\t<div class=\"elementor-widget-container\">\n\t\t\t<h2 class=\"elementor-heading-title elementor-size-default\">INTERNAL NEWS VPS<\/h2>\t\t<\/div>\n\t\t\t\t<\/div>\n\t\t\t\t\t<\/div>\n\t\t<\/div>\n\t\t\t\t<div class=\"elementor-column elementor-col-50 elementor-inner-column elementor-element elementor-element-b1c7f6a top column-style-top\" data-id=\"b1c7f6a\" data-element_type=\"column\">\n\t\t\t<div class=\"elementor-widget-wrap\">\n\t\t\t\t\t\t\t<\/div>\n\t\t<\/div>\n\t\t\t\t\t<\/div>\n\t\t<\/section>\n\t\t\t\t<section class=\"elementor-section elementor-inner-section elementor-element elementor-element-e99f6d9 elementor-section-boxed elementor-section-height-default elementor-section-height-default\" data-id=\"e99f6d9\" data-element_type=\"section\">\n\t\t\t\t\t\t<div class=\"elementor-container elementor-column-gap-default\">\n\t\t\t\t\t<div class=\"elementor-column elementor-col-100 elementor-inner-column elementor-element elementor-element-cbb3992 top column-style-top\" data-id=\"cbb3992\" data-element_type=\"column\">\n\t\t\t<div class=\"elementor-widget-wrap elementor-element-populated\">\n\t\t\t\t\t\t<div class=\"elementor-element elementor-element-8292cb3 elementor-widget elementor-widget-gva-posts\" data-id=\"8292cb3\" data-element_type=\"widget\" data-widget_type=\"gva-posts.default\">\n\t\t\t\t<div class=\"elementor-widget-container\">\n\t\t\t<div class=\"gva-element-gva-posts gva-element\"><\/div>\t\t<\/div>\n\t\t\t\t<\/div>\n\t\t\t\t\t<\/div>\n\t\t<\/div>\n\t\t\t\t\t<\/div>\n\t\t<\/section>\n\t\t\t\t<section class=\"elementor-section elementor-inner-section elementor-element elementor-element-e116e53 elementor-section-boxed elementor-section-height-default elementor-section-height-default\" data-id=\"e116e53\" data-element_type=\"section\">\n\t\t\t\t\t\t<div class=\"elementor-container elementor-column-gap-default\">\n\t\t\t\t\t<div class=\"elementor-column elementor-col-50 elementor-inner-column elementor-element elementor-element-bf8aaa0 top column-style-top\" data-id=\"bf8aaa0\" data-element_type=\"column\">\n\t\t\t<div class=\"elementor-widget-wrap elementor-element-populated\">\n\t\t\t\t\t\t<div class=\"elementor-element elementor-element-acccc4b elementor-widget elementor-widget-heading\" data-id=\"acccc4b\" data-element_type=\"widget\" data-widget_type=\"heading.default\">\n\t\t\t\t<div class=\"elementor-widget-container\">\n\t\t\t<h2 class=\"elementor-heading-title elementor-size-default\">VPS YOUTUBE CHANNEL<\/h2>\t\t<\/div>\n\t\t\t\t<\/div>\n\t\t\t\t\t<\/div>\n\t\t<\/div>\n\t\t\t\t<div class=\"elementor-column elementor-col-50 elementor-inner-column elementor-element elementor-element-8e67ada top column-style-top\" data-id=\"8e67ada\" data-element_type=\"column\">\n\t\t\t<div class=\"elementor-widget-wrap elementor-element-populated\">\n\t\t\t\t\t\t<div class=\"elementor-element elementor-element-7a790b9 elementor-align-right elementor-widget elementor-widget-button\" data-id=\"7a790b9\" data-element_type=\"widget\" data-widget_type=\"button.default\">\n\t\t\t\t<div class=\"elementor-widget-container\">\n\t\t\t\t\t<div class=\"elementor-button-wrapper\">\n\t\t\t<a class=\"elementor-button elementor-button-link elementor-size-lg\" href=\"https:\/\/www.youtube.com\/channel\/UCpnUWU3uO6obLoncTjxJrHw\">\n\t\t\t\t\t\t<span class=\"elementor-button-content-wrapper\">\n\t\t\t\t\t\t\t\t\t<span class=\"elementor-button-text\">Watch channel<\/span>\n\t\t\t\t\t<\/span>\n\t\t\t\t\t<\/a>\n\t\t<\/div>\n\t\t\t\t<\/div>\n\t\t\t\t<\/div>\n\t\t\t\t\t<\/div>\n\t\t<\/div>\n\t\t\t\t\t<\/div>\n\t\t<\/section>\n\t\t\t\t<section class=\"elementor-section elementor-inner-section elementor-element elementor-element-8b7b7b7 elementor-section-boxed elementor-section-height-default elementor-section-height-default\" data-id=\"8b7b7b7\" data-element_type=\"section\">\n\t\t\t\t\t\t<div class=\"elementor-container elementor-column-gap-default\">\n\t\t\t\t\t<div class=\"elementor-column elementor-col-100 elementor-inner-column elementor-element elementor-element-eb3da45 top column-style-top\" data-id=\"eb3da45\" data-element_type=\"column\">\n\t\t\t<div class=\"elementor-widget-wrap elementor-element-populated\">\n\t\t\t\t\t\t<div class=\"elementor-element elementor-element-8cb090b elementor-widget elementor-widget-video\" data-id=\"8cb090b\" data-element_type=\"widget\" data-settings=\"{&quot;youtube_url&quot;:&quot;https:\\\/\\\/www.youtube.com\\\/watch?v=OyFeqCzY2qA&quot;,&quot;video_type&quot;:&quot;youtube&quot;,&quot;controls&quot;:&quot;yes&quot;}\" data-widget_type=\"video.default\">\n\t\t\t\t<div class=\"elementor-widget-container\">\n\t\t\t<style>\/*! elementor - v3.23.0 - 05-08-2024 *\/\n.elementor-widget-video .elementor-widget-container{overflow:hidden;transform:translateZ(0)}.elementor-widget-video .elementor-wrapper{aspect-ratio:var(--video-aspect-ratio)}.elementor-widget-video .elementor-wrapper iframe,.elementor-widget-video .elementor-wrapper video{height:100%;width:100%;display:flex;border:none;background-color:#000}@supports not (aspect-ratio:1\/1){.elementor-widget-video .elementor-wrapper{position:relative;overflow:hidden;height:0;padding-bottom:calc(100% \/ var(--video-aspect-ratio))}.elementor-widget-video .elementor-wrapper iframe,.elementor-widget-video .elementor-wrapper video{position:absolute;top:0;right:0;bottom:0;left:0}}.elementor-widget-video .elementor-open-inline .elementor-custom-embed-image-overlay{position:absolute;top:0;right:0;bottom:0;left:0;background-size:cover;background-position:50%}.elementor-widget-video .elementor-custom-embed-image-overlay{cursor:pointer;text-align:center}.elementor-widget-video .elementor-custom-embed-image-overlay:hover .elementor-custom-embed-play i{opacity:1}.elementor-widget-video .elementor-custom-embed-image-overlay img{display:block;width:100%;aspect-ratio:var(--video-aspect-ratio);-o-object-fit:cover;object-fit:cover;-o-object-position:center center;object-position:center center}@supports not (aspect-ratio:1\/1){.elementor-widget-video .elementor-custom-embed-image-overlay{position:relative;overflow:hidden;height:0;padding-bottom:calc(100% \/ var(--video-aspect-ratio))}.elementor-widget-video .elementor-custom-embed-image-overlay img{position:absolute;top:0;right:0;bottom:0;left:0}}.elementor-widget-video .e-hosted-video .elementor-video{-o-object-fit:cover;object-fit:cover}.e-con-inner>.elementor-widget-video,.e-con>.elementor-widget-video{width:var(--container-widget-width);--flex-grow:var(--container-widget-flex-grow)}<\/style>\t\t<div class=\"elementor-wrapper elementor-open-inline\">\n\t\t\t<div class=\"elementor-video\"><\/div>\t\t<\/div>\n\t\t\t\t<\/div>\n\t\t\t\t<\/div>\n\t\t\t\t\t<\/div>\n\t\t<\/div>\n\t\t\t\t\t<\/div>\n\t\t<\/section>\n\t\t\t\t\t<\/div>\n\t\t<\/div>\n\t\t\t\t\t<\/div>\n\t\t<\/section>\n\t\t\t\t<\/div>","protected":false},"excerpt":{"rendered":"<p>PRODUCT FEATURES 10\/08\/2021 by chester09110 comments 5 things to keep in mind when choosing aluminum and glass doors \u2013 Part 1 Read more INTERNAL NEWS VPS VPS YOUTUBE CHANNEL [\u2026]<\/p>","protected":false},"author":209997363,"featured_media":0,"parent":0,"menu_order":0,"comment_status":"closed","ping_status":"closed","template":"","meta":[],"aioseo_notices":[],"amp_enabled":true,"_links":{"self":[{"href":"https:\/\/vietphapshal.com.vn\/en\/wp-json\/wp\/v2\/pages\/7968"}],"collection":[{"href":"https:\/\/vietphapshal.com.vn\/en\/wp-json\/wp\/v2\/pages"}],"about":[{"href":"https:\/\/vietphapshal.com.vn\/en\/wp-json\/wp\/v2\/types\/page"}],"author":[{"embeddable":true,"href":"https:\/\/vietphapshal.com.vn\/en\/wp-json\/wp\/v2\/users\/209997363"}],"replies":[{"embeddable":true,"href":"https:\/\/vietphapshal.com.vn\/en\/wp-json\/wp\/v2\/comments?post=7968"}],"version-history":[{"count":18,"href":"https:\/\/vietphapshal.com.vn\/en\/wp-json\/wp\/v2\/pages\/7968\/revisions"}],"predecessor-version":[{"id":16052,"href":"https:\/\/vietphapshal.com.vn\/en\/wp-json\/wp\/v2\/pages\/7968\/revisions\/16052"}],"wp:attachment":[{"href":"https:\/\/vietphapshal.com.vn\/en\/wp-json\/wp\/v2\/media?parent=7968"}],"curies":[{"name":"wp","href":"https:\/\/api.w.org\/{rel}","templated":true}]}}